{"id":543,"date":"2023-01-14T12:37:25","date_gmt":"2023-01-14T12:37:25","guid":{"rendered":"https:\/\/lust-jewellery.com\/lust\/"},"modified":"2023-09-12T10:44:38","modified_gmt":"2023-09-12T10:44:38","slug":"lust","status":"publish","type":"page","link":"https:\/\/lust-jewellery.com\/es\/","title":{"rendered":"Lust"},"content":{"rendered":"\n<figure class=\"wp-block-gallery has-nested-images columns-default is-cropped wp-block-gallery-1 is-layout-flex wp-block-gallery-is-layout-flex\">\n<figure class=\"wp-block-image size-large\"><img decoding=\"async\" loading=\"lazy\" width=\"1024\" height=\"666\" data-id=\"37\" src=\"https:\/\/lust-jewellery.com\/wp-content\/uploads\/2023\/01\/lust-escorpiao-1024x666.jpg\" alt=\"\" class=\"wp-image-37\" srcset=\"https:\/\/lust-jewellery.com\/wp-content\/uploads\/2023\/01\/lust-escorpiao-1024x666.jpg 1024w, https:\/\/lust-jewellery.com\/wp-content\/uploads\/2023\/01\/lust-escorpiao-300x195.jpg 300w, https:\/\/lust-jewellery.com\/wp-content\/uploads\/2023\/01\/lust-escorpiao-800x520.jpg 800w, https:\/\/lust-jewellery.com\/wp-content\/uploads\/2023\/01\/lust-escorpiao-768x499.jpg 768w, https:\/\/lust-jewellery.com\/wp-content\/uploads\/2023\/01\/lust-escorpiao.jpg 2000w\" sizes=\"(max-width: 1024px) 100vw, 1024px\" \/><\/figure>\n<\/figure>\n\n\n<h2 class=\"wp-block-post-title\">Lust<\/h2>\n\n\n<p class=\"has-text-align-center\">La marca de joyer\u00eda LUST nace de una necesidad asociada a dos l\u00edneas de pensamiento, la ingenier\u00eda y el dise\u00f1o. Las formas geom\u00e9tricas, cuentan historias y se asocian con animales. Esto se traduce en una imagen contempor\u00e1nea, vers\u00e1til y moderna de la joyer\u00eda de cara, que hace del ser humano su soporte.<\/p>\n","protected":false},"excerpt":{"rendered":"<p>La marca de joyer\u00eda LUST nace de una necesidad asociada a dos l\u00edneas de pensamiento, la ingenier\u00eda y el dise\u00f1o. Las formas geom\u00e9tricas, cuentan historias y se asocian con animales. Esto se traduce en una imagen contempor\u00e1nea, vers\u00e1til y moderna de la joyer\u00eda de cara, que hace del ser humano su soporte.<\/p>\n","protected":false},"author":1,"featured_media":0,"parent":0,"menu_order":10,"comment_status":"closed","ping_status":"closed","template":"pages\/wp-homepage.php","meta":{"footnotes":""},"_links":{"self":[{"href":"https:\/\/lust-jewellery.com\/es\/wp-json\/wp\/v2\/pages\/543"}],"collection":[{"href":"https:\/\/lust-jewellery.com\/es\/wp-json\/wp\/v2\/pages"}],"about":[{"href":"https:\/\/lust-jewellery.com\/es\/wp-json\/wp\/v2\/types\/page"}],"author":[{"embeddable":true,"href":"https:\/\/lust-jewellery.com\/es\/wp-json\/wp\/v2\/users\/1"}],"replies":[{"embeddable":true,"href":"https:\/\/lust-jewellery.com\/es\/wp-json\/wp\/v2\/comments?post=543"}],"version-history":[{"count":2,"href":"https:\/\/lust-jewellery.com\/es\/wp-json\/wp\/v2\/pages\/543\/revisions"}],"predecessor-version":[{"id":591,"href":"https:\/\/lust-jewellery.com\/es\/wp-json\/wp\/v2\/pages\/543\/revisions\/591"}],"wp:attachment":[{"href":"https:\/\/lust-jewellery.com\/es\/wp-json\/wp\/v2\/media?parent=543"}],"curies":[{"name":"wp","href":"https:\/\/api.w.org\/{rel}","templated":true}]}}